{"id":60,"date":"2016-03-01T17:29:19","date_gmt":"2016-03-01T17:29:19","guid":{"rendered":"http:\/\/www.temploarcanjomiguel.org\/?page_id=60"},"modified":"2024-12-14T21:28:21","modified_gmt":"2024-12-14T21:28:21","slug":"clube-de-autocura","status":"publish","type":"page","link":"https:\/\/www.temploarcanjomiguel.org\/?page_id=60","title":{"rendered":"Clube de Autocura"},"content":{"rendered":"<div class=\"vce-row-container\" data-vce-boxed-width=\"true\"><div class=\"vce-row vce-row--col-gap-30 vce-row-equal-height vce-row-content--top\" id=\"el-5bfd9f5b\" data-vce-do-apply=\"all el-5bfd9f5b\"><div class=\"vce-row-content\" data-vce-element-content=\"true\"><div class=\"vce-col vce-col--md-auto vce-col--xs-1 vce-col--xs-last vce-col--xs-first vce-col--sm-last vce-col--sm-first vce-col--md-last vce-col--lg-last vce-col--xl-last vce-col--md-first vce-col--lg-first vce-col--xl-first\" id=\"el-3580fac0\"><div class=\"vce-col-inner\" data-vce-do-apply=\"border margin background  el-3580fac0\"><div class=\"vce-col-content\" data-vce-element-content=\"true\" data-vce-do-apply=\"padding el-3580fac0\"><div class=\"vce-text-block\"><div class=\"vce-text-block-wrapper vce\" id=\"el-66c1d5e7\" data-vce-do-apply=\"all el-66c1d5e7\"><div><p><noscript><\/p>\n<style>.vce-row-container .vcv-lozad {display: none}<\/style>\n<p><\/noscript><!-- [if IE 8]><link rel=\"stylesheet\" type=\"text\/css\" href=\"https:\/\/www.temploarcanjomiguel.org\/wp-content\/plugins\/js_composer_theme\/assets\/css\/vc-ie8.css\" media=\"screen\"><![endif]--><\/p><\/div><div><div class=\"clearboth\">&nbsp;<\/div><\/div><div id=\"destaques\" class=\"full-width-65b8619f88ef0 full-height-false parallax-false mk-page-section mk-blur-parent mk-shortcode \" data-intro-effect=\"false\" data-speedfactor=\"0.3\"><div class=\"mk-video-color-mask\">&nbsp;<\/div><div class=\"mk-grid vc_row-fluid page-section-content\"><div class=\"mk-padding-wrapper\"><div class=\"vc_col-sm-12 wpb_column column_container \"><div class=\"clearboth\">&nbsp;<\/div><div class=\"mk-shortcode mk-padding-shortcode\" style=\"height: 20px;\">&nbsp;<\/div><div class=\"clearboth\">&nbsp;<\/div><h2 id=\"fancy-title-65b8619f895b7\" class=\"mk-shortcode mk-fancy-title fancy-title-align-center pattern-style \" style=\"font-size: 16px; text-align: center; color: #2c64af; font-style: normal; font-weight: bold; margin-top: 0px; margin-bottom: 0px; text-transform: uppercase; letter-spacing: 0px;\"><span style=\"padding: 0 8px;\">REUNI\u00d5ES<\/span><\/h2><div class=\"clearboth\">&nbsp;<\/div><div class=\"clearboth\">&nbsp;<\/div><div class=\"mk-shortcode mk-padding-shortcode\" style=\"height: 40px;\">&nbsp;<\/div><div class=\"clearboth\">&nbsp;<\/div><div class=\"wpb_row vc_row vc_row-fluid mk-fullwidth-false attched-false vc_row-fluid\"><div class=\"vc_col-sm-12 wpb_column column_container \"><div class=\"mk-text-block \" style=\"margin-bottom: 0px; text-align: left;\"><p><strong><a href=\"https:\/\/www.temploarcanjomiguel.org\/wp-content\/uploads\/2016\/03\/logos_internas_03.jpg\"><img decoding=\"async\" loading=\"lazy\" class=\" size-thumbnail wp-image-61 alignleft\" src=\"https:\/\/www.temploarcanjomiguel.org\/wp-content\/uploads\/2016\/03\/logos_internas_03-150x150.jpg\" alt=\"\" width=\"150\" height=\"150\"><\/a>Atendimentos uma vez ao m\u00eas , no terceiro S\u00e1bado do M\u00eas \u00e0s 10:00, Confira a Agenda:<\/strong><\/p><p>Calend\u00e1rio 2025 \u2013 15\/02\/2025, 15\/03\/2025, 19\/04\/2025, 17\/05\/2025, 21\/06\/2025, 19\/07\/2025, 16\/08\/2025, 20\/09\/2025, 18\/10\/2025, 15\/11\/2025.<\/p><p>&nbsp;<\/p><p><strong>As reuni\u00f5es do Clube de Autocura tem os objetivos: <\/strong><\/p><ul><li>Preven\u00e7\u00e3o, Promo\u00e7\u00e3o e Recupera\u00e7\u00e3o da Sa\u00fade;<\/li><li>Abrang\u00eancia Hol\u00edstica: Corpo, Mente e Esp\u00edrito;<\/li><li>Despertar os mecanismos de AutoCura;<\/li><li>Alegria e Sentido da Vida.<\/li><\/ul><div class=\"clearboth\">&nbsp;<\/div><\/div><\/div><\/div><div class=\"clearboth\">&nbsp;<\/div><div class=\"mk-shortcode mk-padding-shortcode\" style=\"height: 20px;\">&nbsp;<\/div><div class=\"clearboth\">&nbsp;<\/div><div class=\"mk-button-align fullwidth-button center\"><strong><a class=\"mk-button dark button-65b8619f89ef1 light-color three-dimension large pointed fullwidth-button \" href=\"http:\/\/www.clubedeautocura.com.br\/\" target=\"_blank\" rel=\"noopener\">CLIQUE AQUI E ACESSE O SITE OFICIAL DO CLUBE DE AUTOCURA<\/a><\/strong><\/div><\/div><\/div><div class=\"clearboth\">&nbsp;<\/div><\/div><div class=\"clearboth\">&nbsp;<\/div><\/div><div class=\"mk-main-wrapper-holder\"><div class=\"theme-page-wrapper no-padding full-layout mk-grid vc_row-fluid row-fluid\"><div class=\"theme-content no-padding\">&nbsp;<\/div><\/div><\/div><div>&nbsp;<\/div><\/div><\/div><\/div><\/div><\/div><\/div><\/div><\/div>\n","protected":false},"excerpt":{"rendered":"<p>&nbsp;&nbsp;&nbsp;&nbsp;&nbsp;REUNI\u00d5ES&nbsp;&nbsp;&nbsp;&nbsp;Atendimentos uma vez ao m\u00eas , no terceiro S\u00e1bado do M\u00eas \u00e0s 10:00, Confira a Agenda:Calend\u00e1rio 2025 \u2013 15\/02\/2025, 15\/03\/2025, 19\/04\/2025, 17\/05\/2025, 21\/06\/2025, 19\/07\/2025, 16\/08\/2025, 20\/09\/2025, 18\/10\/2025, 15\/11\/2025.&nbsp;As reuni\u00f5es do Clube de Autocura tem os objetivos: Preven\u00e7\u00e3o, Promo\u00e7\u00e3o e Recupera\u00e7\u00e3o da Sa\u00fade;Abrang\u00eancia Hol\u00edstica: Corpo, Mente e Esp\u00edrito;Despertar os mecanismos de AutoCura;Alegria e Sentido da Vida.&nbsp;&nbsp;&nbsp;&nbsp;CLIQUE [&hellip;]<\/p>\n","protected":false},"author":1,"featured_media":0,"parent":0,"menu_order":0,"comment_status":"open","ping_status":"open","template":"","meta":{"footnotes":""},"_links":{"self":[{"href":"https:\/\/www.temploarcanjomiguel.org\/index.php?rest_route=\/wp\/v2\/pages\/60"}],"collection":[{"href":"https:\/\/www.temploarcanjomiguel.org\/index.php?rest_route=\/wp\/v2\/pages"}],"about":[{"href":"https:\/\/www.temploarcanjomiguel.org\/index.php?rest_route=\/wp\/v2\/types\/page"}],"author":[{"embeddable":true,"href":"https:\/\/www.temploarcanjomiguel.org\/index.php?rest_route=\/wp\/v2\/users\/1"}],"replies":[{"embeddable":true,"href":"https:\/\/www.temploarcanjomiguel.org\/index.php?rest_route=%2Fwp%2Fv2%2Fcomments&post=60"}],"version-history":[{"count":0,"href":"https:\/\/www.temploarcanjomiguel.org\/index.php?rest_route=\/wp\/v2\/pages\/60\/revisions"}],"wp:attachment":[{"href":"https:\/\/www.temploarcanjomiguel.org\/index.php?rest_route=%2Fwp%2Fv2%2Fmedia&parent=60"}],"curies":[{"name":"wp","href":"https:\/\/api.w.org\/{rel}","templated":true}]}}